{"id":1826,"date":"2014-11-27T17:39:27","date_gmt":"2014-11-27T15:39:27","guid":{"rendered":"https:\/\/sandbox.stanleykubrick.de\/press-comments\/"},"modified":"2023-06-29T10:34:24","modified_gmt":"2023-06-29T08:34:24","slug":"press-comments","status":"publish","type":"page","link":"https:\/\/stanleykubrick.de\/en\/press-comments\/","title":{"rendered":"Press comments"},"content":{"rendered":"<section class=\"wpb-content-wrapper\"><p>[vc_row full_width=&#8221;stretch_row&#8221; bg_type=&#8221;image&#8221; parallax_style=&#8221;vcpb-default&#8221; bg_image_new=&#8221;id^1324|url^https:\/\/stanleykubrick.de\/wp-content\/uploads\/2014\/01\/bg-kubrick-neu2014-14.jpg|caption^null|alt^null|title^bg-kubrick-neu2014-14|description^null&#8221; bg_image_repeat=&#8221;no-repeat&#8221; bg_img_attach=&#8221;fixed&#8221;][vc_column][vc_row_inner][vc_column_inner width=&#8221;2\/3&#8243; css=&#8221;.vc_custom_1677069102562{padding-right: 30px !important;padding-left: 30px !important;background-color: #ffffff !important;}&#8221;][vc_column_text]<\/p>\n<h1>Press comments<\/h1>\n<p>[\/vc_column_text][vc_column_text]<strong>Excerpts from the international press coverage<\/strong><\/p>\n<p><strong>Frankfurt, Deutschland<\/strong><\/p>\n<p>Die gesamte Faszination Kubricks und seiner Bilderwelt (&#8230;) wird nun in Frankfurt (&#8230;) sichtbar. Aus der F\u00fclle des Materials, ein Bruchteil nur des gesamten Nachlasses, haben die Ausstellungsmacher eine Pr\u00e4sentation zusammengestellt, die Kubrick-Kenner ebenso wie Neulinge begeistern d\u00fcrfte.<br \/>\n<em>FAZ, Frankfurt am Main, 31.03.2004<\/em><\/p>\n<p>Ein cineastisches Ereignis von Weltrang. Man muss das gesehen haben.<br \/>\n<em>Die Welt, Berlin, 02.04.2014<\/em><\/p>\n<p>Eine vorbildlich recherchierte, informative, h\u00f6chst gelungene Ausstellung.<br \/>\n<em>NZZ, Z\u00fcrich, 21.05.2004<\/em><\/p>\n<p><strong>Melbourne, Australien<\/strong><\/p>\n<p>A stunning exhibition of more than 1000 rare and unseen artefacts (which) cracks the Kubrick chrysalis.<br \/>\n<em>The Bulletin, 29.11.2005<\/em><\/p>\n<p>The exhibition (\u2026) traces film-maker Stanley Kubrick\u2019s life and work in all its obsessive detail.<br \/>\n<em>The weekend Australian magazine, 19.11.2005<\/em><\/p>\n<p>The ultimate exhibition of the work of the late, great Stanley Kubrick.<br \/>\n<em>Empire Magazine, 12\/2005<\/em><\/p>\n<p><strong>Gent, Belgien<\/strong><\/p>\n<p>Overweldigende trip door het universum van een visionair.<br \/>\n<em>De Morgen, 04.10.2006<\/em><\/p>\n<p>De indrukwekkende expositie wordt een hoogtepunt in de geschiedenis het festival.<br \/>\n<em>De Standaard, 29.09.2006<\/em><br \/>\n<strong>Amsterdam, Niederlande<\/strong><\/p>\n<p>De schatkamer van Kubrick. Een spectaculaire en intieme tentoonstelling.<br \/>\n<em>Parool, 21.06.2012<\/em><br \/>\n<strong>Los Angeles, USA<\/strong><\/p>\n<p>The installation of the show is absolutely wonderful and makes you feel comfortable wandering through it in any direction. It is dedicated to process and processing, placing all viewers into this specific auteur\u2019s quickly moving gears. (\u2026) a text book example of what a museum show is \u2013 although it doesn\u2019t quite feel like an art museum show.<br \/>\n<em>LA I\u2019m Yours, Los Angeles, 01.11.2013<\/em><\/p>\n<p>The exhibition clarifies and enriches aspects of the filmmaker&#8217;s work for his fans while providing an encyclopedic introduction for the uninitiated.<br \/>\n<em>LA Weekly, Los Angeles, 01.11.2013<\/em><\/p>\n<p>Stanley Kubrick, the massive exhibition that recently opened at LACMA and runs through June 2013, has so much eye-candy it\u2019s hard to choose a favorite piece.<br \/>\n<em>LA Magazine, Los Angeles, 16.11.2012<\/em><\/p>\n<p>See it Now!; (\u2026) is also the most rewarding couple of hours one can spend marveling at the wonder of this unique human mind..<br \/>\n<em>Huffington Post Online, 30.05.2013<\/em><br \/>\n<strong>Paris, Frankreich<\/strong><\/p>\n<p>(&#8230;) une passionnante plong\u00e9e dans l\u2019univers d\u2019un cin\u00e9aste \u00e0 la folie tr\u00e8s contr\u00f4l\u00e9e.<br \/>\n<em>Le Figaro, 21.03.2011<\/em><\/p>\n<p>Plong\u00e9e au c\u0153ur de la galaxie Stanley Kubrick.<br \/>\n<em>AFP Mondial, 22.03.2011<\/em><br \/>\n<strong>S\u00e3o Paulo, Brasilien<\/strong><\/p>\n<p>Kubrick dissecado: exposi\u00e7\u00e3o promove um mergulho na mente criativa do cineasta.<br \/>\n<em>Gazeta de Povo online, 30.11.2013, Portugal<\/em>[\/vc_column_text][\/vc_column_inner][vc_column_inner width=&#8221;1\/3&#8243;][\/vc_column_inner][\/vc_row_inner][vc_empty_space height=&#8221;100&#8243;][\/vc_column][\/vc_row]<\/p>\n<\/section>","protected":false},"excerpt":{"rendered":"<p>[vc_row full_width=&#8221;stretch_row&#8221; bg_type=&#8221;image&#8221; parallax_style=&#8221;vcpb-default&#8221; bg_image_new=&#8221;id^1324|url^https:\/\/stanleykubrick.de\/wp-content\/uploads\/2014\/01\/bg-kubrick-neu2014-14.jpg|caption^null|alt^null|title^bg-kubrick-neu2014-14|description^null&#8221; bg_image_repeat=&#8221;no-repeat&#8221; bg_img_attach=&#8221;fixed&#8221;][vc_column][vc_row_inner][vc_column_inner width=&#8221;2\/3&#8243; css=&#8221;.vc_custom_1677069102562{padding-right: 30px !important;padding-left: 30px !important;background-color: #ffffff !important;}&#8221;][vc_column_text] Press comments [\/vc_column_text][vc_column_text]Excerpts from the international press coverage Frankfurt, Deutschland Die gesamte Faszination Kubricks und seiner Bilderwelt (&#8230;) wird nun in Frankfurt (&#8230;) sichtbar. Aus der F\u00fclle des Materials, ein Bruchteil nur des gesamten Nachlasses, haben die Ausstellungsmacher eine Pr\u00e4sentation [&hellip;]<\/p>\n","protected":false},"author":1,"featured_media":1324,"parent":0,"menu_order":60,"comment_status":"closed","ping_status":"closed","template":"","meta":{"ocean_post_layout":"","ocean_both_sidebars_style":"","ocean_both_sidebars_content_width":0,"ocean_both_sidebars_sidebars_width":0,"ocean_sidebar":"0","ocean_second_sidebar":"0","ocean_disable_margins":"enable","ocean_add_body_class":"","ocean_shortcode_before_top_bar":"","ocean_shortcode_after_top_bar":"","ocean_shortcode_before_header":"","ocean_shortcode_after_header":"","ocean_has_shortcode":"","ocean_shortcode_after_title":"","ocean_shortcode_before_footer_widgets":"","ocean_shortcode_after_footer_widgets":"","ocean_shortcode_before_footer_bottom":"","ocean_shortcode_after_footer_bottom":"","ocean_display_top_bar":"default","ocean_display_header":"default","ocean_header_style":"","ocean_center_header_left_menu":"0","ocean_custom_header_template":"0","ocean_custom_logo":0,"ocean_custom_retina_logo":0,"ocean_custom_logo_max_width":0,"ocean_custom_logo_tablet_max_width":0,"ocean_custom_logo_mobile_max_width":0,"ocean_custom_logo_max_height":0,"ocean_custom_logo_tablet_max_height":0,"ocean_custom_logo_mobile_max_height":0,"ocean_header_custom_menu":"0","ocean_menu_typo_font_family":"0","ocean_menu_typo_font_subset":"","ocean_menu_typo_font_size":0,"ocean_menu_typo_font_size_tablet":0,"ocean_menu_typo_font_size_mobile":0,"ocean_menu_typo_font_size_unit":"px","ocean_menu_typo_font_weight":"","ocean_menu_typo_font_weight_tablet":"","ocean_menu_typo_font_weight_mobile":"","ocean_menu_typo_transform":"","ocean_menu_typo_transform_tablet":"","ocean_menu_typo_transform_mobile":"","ocean_menu_typo_line_height":0,"ocean_menu_typo_line_height_tablet":0,"ocean_menu_typo_line_height_mobile":0,"ocean_menu_typo_line_height_unit":"","ocean_menu_typo_spacing":0,"ocean_menu_typo_spacing_tablet":0,"ocean_menu_typo_spacing_mobile":0,"ocean_menu_typo_spacing_unit":"","ocean_menu_link_color":"","ocean_menu_link_color_hover":"","ocean_menu_link_color_active":"","ocean_menu_link_background":"","ocean_menu_link_hover_background":"","ocean_menu_link_active_background":"","ocean_menu_social_links_bg":"","ocean_menu_social_hover_links_bg":"","ocean_menu_social_links_color":"","ocean_menu_social_hover_links_color":"","ocean_disable_title":"default","ocean_disable_heading":"default","ocean_post_title":"","ocean_post_subheading":"","ocean_post_title_style":"","ocean_post_title_background_color":"","ocean_post_title_background":0,"ocean_post_title_bg_image_position":"","ocean_post_title_bg_image_attachment":"","ocean_post_title_bg_image_repeat":"","ocean_post_title_bg_image_size":"","ocean_post_title_height":0,"ocean_post_title_bg_overlay":0.5,"ocean_post_title_bg_overlay_color":"","ocean_disable_breadcrumbs":"default","ocean_breadcrumbs_color":"","ocean_breadcrumbs_separator_color":"","ocean_breadcrumbs_links_color":"","ocean_breadcrumbs_links_hover_color":"","ocean_display_footer_widgets":"default","ocean_display_footer_bottom":"default","ocean_custom_footer_template":"0","footnotes":""},"class_list":["post-1826","page","type-page","status-publish","has-post-thumbnail","hentry","entry","has-media"],"yoast_head":"<!-- This site is optimized with the Yoast SEO plugin v26.8 - https:\/\/yoast.com\/product\/yoast-seo-wordpress\/ -->\n<title>Press comments - Stanley Kubrick Ausstellung<\/title>\n<meta name=\"robots\" content=\"index, follow, max-snippet:-1, max-image-preview:large, max-video-preview:-1\" \/>\n<link rel=\"canonical\" href=\"https:\/\/stanleykubrick.de\/en\/press-comments\/\" \/>\n<meta property=\"og:locale\" content=\"en_US\" \/>\n<meta property=\"og:type\" content=\"article\" \/>\n<meta property=\"og:title\" content=\"Press comments - Stanley Kubrick Ausstellung\" \/>\n<meta property=\"og:description\" content=\"[vc_row full_width=&#8221;stretch_row&#8221; bg_type=&#8221;image&#8221; parallax_style=&#8221;vcpb-default&#8221; bg_image_new=&#8221;id^1324|url^https:\/\/stanleykubrick.de\/wp-content\/uploads\/2014\/01\/bg-kubrick-neu2014-14.jpg|caption^null|alt^null|title^bg-kubrick-neu2014-14|description^null&#8221; bg_image_repeat=&#8221;no-repeat&#8221; bg_img_attach=&#8221;fixed&#8221;][vc_column][vc_row_inner][vc_column_inner width=&#8221;2\/3&#8243; css=&#8221;.vc_custom_1677069102562{padding-right: 30px !important;padding-left: 30px !important;background-color: #ffffff !important;}&#8221;][vc_column_text] Press comments [\/vc_column_text][vc_column_text]Excerpts from the international press coverage Frankfurt, Deutschland Die gesamte Faszination Kubricks und seiner Bilderwelt (&#8230;) wird nun in Frankfurt (&#8230;) sichtbar. Aus der F\u00fclle des Materials, ein Bruchteil nur des gesamten Nachlasses, haben die Ausstellungsmacher eine Pr\u00e4sentation [&hellip;]\" \/>\n<meta property=\"og:url\" content=\"https:\/\/stanleykubrick.de\/en\/press-comments\/\" \/>\n<meta property=\"og:site_name\" content=\"Stanley Kubrick Ausstellung\" \/>\n<meta property=\"article:publisher\" content=\"http:\/\/facebook.dff.film\/\" \/>\n<meta property=\"article:modified_time\" content=\"2023-06-29T08:34:24+00:00\" \/>\n<meta property=\"og:image\" content=\"https:\/\/stanleykubrick.de\/wp-content\/uploads\/2014\/01\/bg-kubrick-neu2014-14.jpg\" \/>\n\t<meta property=\"og:image:width\" content=\"1920\" \/>\n\t<meta property=\"og:image:height\" content=\"1080\" \/>\n\t<meta property=\"og:image:type\" content=\"image\/jpeg\" \/>\n<meta name=\"twitter:card\" content=\"summary_large_image\" \/>\n<meta name=\"twitter:label1\" content=\"Est. reading time\" \/>\n\t<meta name=\"twitter:data1\" content=\"2 minutes\" \/>\n<script type=\"application\/ld+json\" class=\"yoast-schema-graph\">{\"@context\":\"https:\/\/schema.org\",\"@graph\":[{\"@type\":\"WebPage\",\"@id\":\"https:\/\/stanleykubrick.de\/en\/press-comments\/\",\"url\":\"https:\/\/stanleykubrick.de\/en\/press-comments\/\",\"name\":\"Press comments - Stanley Kubrick Ausstellung\",\"isPartOf\":{\"@id\":\"https:\/\/stanleykubrick.de\/#website\"},\"primaryImageOfPage\":{\"@id\":\"https:\/\/stanleykubrick.de\/en\/press-comments\/#primaryimage\"},\"image\":{\"@id\":\"https:\/\/stanleykubrick.de\/en\/press-comments\/#primaryimage\"},\"thumbnailUrl\":\"https:\/\/stanleykubrick.de\/wp-content\/uploads\/2014\/01\/bg-kubrick-neu2014-14.jpg\",\"datePublished\":\"2014-11-27T15:39:27+00:00\",\"dateModified\":\"2023-06-29T08:34:24+00:00\",\"breadcrumb\":{\"@id\":\"https:\/\/stanleykubrick.de\/en\/press-comments\/#breadcrumb\"},\"inLanguage\":\"en-US\",\"potentialAction\":[{\"@type\":\"ReadAction\",\"target\":[\"https:\/\/stanleykubrick.de\/en\/press-comments\/\"]}]},{\"@type\":\"ImageObject\",\"inLanguage\":\"en-US\",\"@id\":\"https:\/\/stanleykubrick.de\/en\/press-comments\/#primaryimage\",\"url\":\"https:\/\/stanleykubrick.de\/wp-content\/uploads\/2014\/01\/bg-kubrick-neu2014-14.jpg\",\"contentUrl\":\"https:\/\/stanleykubrick.de\/wp-content\/uploads\/2014\/01\/bg-kubrick-neu2014-14.jpg\",\"width\":1920,\"height\":1080},{\"@type\":\"BreadcrumbList\",\"@id\":\"https:\/\/stanleykubrick.de\/en\/press-comments\/#breadcrumb\",\"itemListElement\":[{\"@type\":\"ListItem\",\"position\":1,\"name\":\"Startseite\",\"item\":\"https:\/\/stanleykubrick.de\/en\/\"},{\"@type\":\"ListItem\",\"position\":2,\"name\":\"Press comments\"}]},{\"@type\":\"WebSite\",\"@id\":\"https:\/\/stanleykubrick.de\/#website\",\"url\":\"https:\/\/stanleykubrick.de\/\",\"name\":\"Stanley Kubrick Ausstellung\",\"description\":\"Tour im DFF - Deutsches Filminstitut &amp; Filmmuseum\",\"publisher\":{\"@id\":\"https:\/\/stanleykubrick.de\/#organization\"},\"potentialAction\":[{\"@type\":\"SearchAction\",\"target\":{\"@type\":\"EntryPoint\",\"urlTemplate\":\"https:\/\/stanleykubrick.de\/?s={search_term_string}\"},\"query-input\":{\"@type\":\"PropertyValueSpecification\",\"valueRequired\":true,\"valueName\":\"search_term_string\"}}],\"inLanguage\":\"en-US\"},{\"@type\":\"Organization\",\"@id\":\"https:\/\/stanleykubrick.de\/#organization\",\"name\":\"DFF\",\"url\":\"https:\/\/stanleykubrick.de\/\",\"logo\":{\"@type\":\"ImageObject\",\"inLanguage\":\"en-US\",\"@id\":\"https:\/\/stanleykubrick.de\/#\/schema\/logo\/image\/\",\"url\":\"https:\/\/stanleykubrick.de\/wp-content\/uploads\/2023\/06\/Logo-DFF-long-black-1000px.png\",\"contentUrl\":\"https:\/\/stanleykubrick.de\/wp-content\/uploads\/2023\/06\/Logo-DFF-long-black-1000px.png\",\"width\":1000,\"height\":179,\"caption\":\"DFF\"},\"image\":{\"@id\":\"https:\/\/stanleykubrick.de\/#\/schema\/logo\/image\/\"},\"sameAs\":[\"http:\/\/facebook.dff.film\/\",\"http:\/\/instagram.dff.film\/\",\"http:\/\/youtube.dff.film\/\"]}]}<\/script>\n<!-- \/ Yoast SEO plugin. -->","yoast_head_json":{"title":"Press comments - Stanley Kubrick Ausstellung","robots":{"index":"index","follow":"follow","max-snippet":"max-snippet:-1","max-image-preview":"max-image-preview:large","max-video-preview":"max-video-preview:-1"},"canonical":"https:\/\/stanleykubrick.de\/en\/press-comments\/","og_locale":"en_US","og_type":"article","og_title":"Press comments - Stanley Kubrick Ausstellung","og_description":"[vc_row full_width=&#8221;stretch_row&#8221; bg_type=&#8221;image&#8221; parallax_style=&#8221;vcpb-default&#8221; bg_image_new=&#8221;id^1324|url^https:\/\/stanleykubrick.de\/wp-content\/uploads\/2014\/01\/bg-kubrick-neu2014-14.jpg|caption^null|alt^null|title^bg-kubrick-neu2014-14|description^null&#8221; bg_image_repeat=&#8221;no-repeat&#8221; bg_img_attach=&#8221;fixed&#8221;][vc_column][vc_row_inner][vc_column_inner width=&#8221;2\/3&#8243; css=&#8221;.vc_custom_1677069102562{padding-right: 30px !important;padding-left: 30px !important;background-color: #ffffff !important;}&#8221;][vc_column_text] Press comments [\/vc_column_text][vc_column_text]Excerpts from the international press coverage Frankfurt, Deutschland Die gesamte Faszination Kubricks und seiner Bilderwelt (&#8230;) wird nun in Frankfurt (&#8230;) sichtbar. Aus der F\u00fclle des Materials, ein Bruchteil nur des gesamten Nachlasses, haben die Ausstellungsmacher eine Pr\u00e4sentation [&hellip;]","og_url":"https:\/\/stanleykubrick.de\/en\/press-comments\/","og_site_name":"Stanley Kubrick Ausstellung","article_publisher":"http:\/\/facebook.dff.film\/","article_modified_time":"2023-06-29T08:34:24+00:00","og_image":[{"width":1920,"height":1080,"url":"https:\/\/stanleykubrick.de\/wp-content\/uploads\/2014\/01\/bg-kubrick-neu2014-14.jpg","type":"image\/jpeg"}],"twitter_card":"summary_large_image","twitter_misc":{"Est. reading time":"2 minutes"},"schema":{"@context":"https:\/\/schema.org","@graph":[{"@type":"WebPage","@id":"https:\/\/stanleykubrick.de\/en\/press-comments\/","url":"https:\/\/stanleykubrick.de\/en\/press-comments\/","name":"Press comments - Stanley Kubrick Ausstellung","isPartOf":{"@id":"https:\/\/stanleykubrick.de\/#website"},"primaryImageOfPage":{"@id":"https:\/\/stanleykubrick.de\/en\/press-comments\/#primaryimage"},"image":{"@id":"https:\/\/stanleykubrick.de\/en\/press-comments\/#primaryimage"},"thumbnailUrl":"https:\/\/stanleykubrick.de\/wp-content\/uploads\/2014\/01\/bg-kubrick-neu2014-14.jpg","datePublished":"2014-11-27T15:39:27+00:00","dateModified":"2023-06-29T08:34:24+00:00","breadcrumb":{"@id":"https:\/\/stanleykubrick.de\/en\/press-comments\/#breadcrumb"},"inLanguage":"en-US","potentialAction":[{"@type":"ReadAction","target":["https:\/\/stanleykubrick.de\/en\/press-comments\/"]}]},{"@type":"ImageObject","inLanguage":"en-US","@id":"https:\/\/stanleykubrick.de\/en\/press-comments\/#primaryimage","url":"https:\/\/stanleykubrick.de\/wp-content\/uploads\/2014\/01\/bg-kubrick-neu2014-14.jpg","contentUrl":"https:\/\/stanleykubrick.de\/wp-content\/uploads\/2014\/01\/bg-kubrick-neu2014-14.jpg","width":1920,"height":1080},{"@type":"BreadcrumbList","@id":"https:\/\/stanleykubrick.de\/en\/press-comments\/#breadcrumb","itemListElement":[{"@type":"ListItem","position":1,"name":"Startseite","item":"https:\/\/stanleykubrick.de\/en\/"},{"@type":"ListItem","position":2,"name":"Press comments"}]},{"@type":"WebSite","@id":"https:\/\/stanleykubrick.de\/#website","url":"https:\/\/stanleykubrick.de\/","name":"Stanley Kubrick Ausstellung","description":"Tour im DFF - Deutsches Filminstitut &amp; Filmmuseum","publisher":{"@id":"https:\/\/stanleykubrick.de\/#organization"},"potentialAction":[{"@type":"SearchAction","target":{"@type":"EntryPoint","urlTemplate":"https:\/\/stanleykubrick.de\/?s={search_term_string}"},"query-input":{"@type":"PropertyValueSpecification","valueRequired":true,"valueName":"search_term_string"}}],"inLanguage":"en-US"},{"@type":"Organization","@id":"https:\/\/stanleykubrick.de\/#organization","name":"DFF","url":"https:\/\/stanleykubrick.de\/","logo":{"@type":"ImageObject","inLanguage":"en-US","@id":"https:\/\/stanleykubrick.de\/#\/schema\/logo\/image\/","url":"https:\/\/stanleykubrick.de\/wp-content\/uploads\/2023\/06\/Logo-DFF-long-black-1000px.png","contentUrl":"https:\/\/stanleykubrick.de\/wp-content\/uploads\/2023\/06\/Logo-DFF-long-black-1000px.png","width":1000,"height":179,"caption":"DFF"},"image":{"@id":"https:\/\/stanleykubrick.de\/#\/schema\/logo\/image\/"},"sameAs":["http:\/\/facebook.dff.film\/","http:\/\/instagram.dff.film\/","http:\/\/youtube.dff.film\/"]}]}},"_links":{"self":[{"href":"https:\/\/stanleykubrick.de\/en\/wp-json\/wp\/v2\/pages\/1826","targetHints":{"allow":["GET"]}}],"collection":[{"href":"https:\/\/stanleykubrick.de\/en\/wp-json\/wp\/v2\/pages"}],"about":[{"href":"https:\/\/stanleykubrick.de\/en\/wp-json\/wp\/v2\/types\/page"}],"author":[{"embeddable":true,"href":"https:\/\/stanleykubrick.de\/en\/wp-json\/wp\/v2\/users\/1"}],"replies":[{"embeddable":true,"href":"https:\/\/stanleykubrick.de\/en\/wp-json\/wp\/v2\/comments?post=1826"}],"version-history":[{"count":2,"href":"https:\/\/stanleykubrick.de\/en\/wp-json\/wp\/v2\/pages\/1826\/revisions"}],"predecessor-version":[{"id":1977,"href":"https:\/\/stanleykubrick.de\/en\/wp-json\/wp\/v2\/pages\/1826\/revisions\/1977"}],"wp:featuredmedia":[{"embeddable":true,"href":"https:\/\/stanleykubrick.de\/en\/wp-json\/wp\/v2\/media\/1324"}],"wp:attachment":[{"href":"https:\/\/stanleykubrick.de\/en\/wp-json\/wp\/v2\/media?parent=1826"}],"curies":[{"name":"wp","href":"https:\/\/api.w.org\/{rel}","templated":true}]}}