{"id":1814,"date":"2014-01-29T16:12:17","date_gmt":"2014-01-29T14:12:17","guid":{"rendered":"https:\/\/sandbox.stanleykubrick.de\/exhibition-tour\/"},"modified":"2025-07-24T15:08:12","modified_gmt":"2025-07-24T13:08:12","slug":"exhibition-tour","status":"publish","type":"page","link":"https:\/\/stanleykubrick.de\/en\/exhibition-tour\/","title":{"rendered":"Exhibition Tour"},"content":{"rendered":"<section class=\"wpb-content-wrapper\"><p>[vc_row full_width=&#8221;stretch_row&#8221; bg_type=&#8221;image&#8221; parallax_style=&#8221;vcpb-default&#8221; bg_image_new=&#8221;id^195|url^https:\/\/stanleykubrick.de\/wp-content\/uploads\/2013\/02\/bg-paris2011-2.jpg|caption^null|alt^null|title^bg-paris2011-2|description^null&#8221; bg_image_repeat=&#8221;no-repeat&#8221; bg_img_attach=&#8221;fixed&#8221;][vc_column][vc_row_inner][vc_column_inner width=&#8221;2\/3&#8243; css=&#8221;.vc_custom_1677069102562{padding-right: 30px !important;padding-left: 30px !important;background-color: #ffffff !important;}&#8221;][vc_column_text]<\/p>\n<h1>The Exhibition Tour has ended.<\/h1>\n<h2 class=\"page_title title\">Exhibition Tour<\/h2>\n<p>[\/vc_column_text][vc_column_text]<strong>Past Presentations<\/strong>[\/vc_column_text][vc_column_text]<strong>Istanbul<\/strong><br \/>\nIstanbul Sinema M\u00fczesi (Museum of Cinema)<br \/>\nSeptember 30, 2022 until March 31, 2023<br \/>\n<a href=\"https:\/\/www.istanbulsinemamuzesi.com\" target=\"_blank\" rel=\"noopener\">www.istanbulsinemamuzesi.com<\/a>[\/vc_column_text][vc_separator color=&#8221;black&#8221;][vc_column_text]<strong>Madrid<\/strong><br \/>\nCBA \u2013 C\u00edrculo de Bellas Artes<br \/>\n21. Dezember 2021 bis 8. Mai 2022<br \/>\n<a href=\"https:\/\/www.circulobellasartes.com\/\" target=\"_blank\" rel=\"noopener\">www.circulobellasartes.com<\/a><\/p>\n<p><strong>Foto-Galerie:<\/strong>[\/vc_column_text][vc_media_grid element_width=&#8221;2&#8243; initial_loading_animation=&#8221;zoomIn&#8221; grid_id=&#8221;vc_gid:1690289217077-77851741-0dc7-7&#8243; include=&#8221;1799,1788,1798,1797,1796,1795,1794,1793,1792,1791,1790,1789&#8243;][vc_separator color=&#8221;black&#8221;][vc_column_text]<strong>New York City<\/strong><br \/>\nMuseum of the Moving Image<br \/>\nEnvisioning 2001: Stanley Kubrick\u00b4s Space Odyssey<br \/>\nJanuary 18 until March 3O, 2020 and<br \/>\nMay 1 until October 17, 2021<br \/>\n<a href=\"http:\/\/www.movingimage.us\/exhibitions\/\" target=\"_blank\" rel=\"noopener\">www.movingimage.us<\/a><\/p>\n<p><strong>Photo-Gallery:<\/strong>[\/vc_column_text][vc_media_grid element_width=&#8221;3&#8243; initial_loading_animation=&#8221;zoomIn&#8221; grid_id=&#8221;vc_gid:1690289217078-a727a250-2692-4&#8243; include=&#8221;1787,1786,1785,1784,1783,1782,1781&#8243;][vc_column_text]Photos: Courtesy MoMI, New York City[\/vc_column_text][vc_separator color=&#8221;black&#8221;][vc_column_text]<strong>London<\/strong><br \/>\nDesign Museum<br \/>\nApril 26 until September 17, 2019<br \/>\n<a href=\"https:\/\/designmuseum.org\/\" target=\"_blank\" rel=\"noopener\">www.designmuseum.org<\/a><\/p>\n<p><strong>Photo-Gallery:<\/strong>[\/vc_column_text][vc_media_grid element_width=&#8221;2&#8243; initial_loading_animation=&#8221;zoomIn&#8221; grid_id=&#8221;vc_gid:1690289217079-fafdb085-8590-9&#8243; include=&#8221;1780,1779,1778,1777,1776,1775,1774,1773,1772,1771,1770,1769,1768&#8243;][vc_column_text]Photos: Ed Reeve, courtesy Design Museum London[\/vc_column_text][vc_separator color=&#8221;black&#8221;][vc_column_text]<strong>Barcelona<\/strong><br \/>\nCentre de Cultura Contempor\u00e0nia de Barcelona (CCCB)<br \/>\nOctober 24, 2018 until March 31, 2019<br \/>\n<a href=\"http:\/\/www.cccb.org\/en\" target=\"_blank\" rel=\"noopener\">http:\/\/www.cccb.org\/en<\/a><\/p>\n<p><strong>Photo-Gallery:<\/strong>[\/vc_column_text][vc_media_grid element_width=&#8221;2&#8243; initial_loading_animation=&#8221;zoomIn&#8221; grid_id=&#8221;vc_gid:1690289217080-511729eb-ac36-6&#8243; include=&#8221;1767,1766,1765,1764,1763,1762,1761,1760,1759,1758,1757,1756,1755,1754,1753,1752,1751,1750,1749,1748&#8243;][vc_column_text]Photos: Jes\u00fas Arenas \/ CCCB[\/vc_column_text][vc_separator color=&#8221;black&#8221;][vc_column_text]<strong>Frankfurt<\/strong><br \/>\nDeutsches Filmmuseum<br \/>\nKubrick\u00b4s 2001: 50 Years A Space Odyssey<br \/>\nMarch 21 until September 23, 2018<br \/>\n<a href=\"http:\/\/2001.deutsches-filmmuseum.de\/\" target=\"_blank\" rel=\"noopener\">2001.deutsches-filmmuseum.de<\/a><\/p>\n<p><strong>Photo-Gallery:<\/strong>[\/vc_column_text][vc_media_grid element_width=&#8221;2&#8243; initial_loading_animation=&#8221;zoomIn&#8221; grid_id=&#8221;vc_gid:1690289217080-5954349f-cc41-1&#8243; include=&#8221;1747,1746,1745,1744,1743,1742,1741,1740,1739,1738,1737&#8243;][vc_column_text]Photos: Uwe Dettmar \/\/ Source: Deutsches Filminstitut[\/vc_column_text][vc_separator color=&#8221;black&#8221;][vc_column_text]<strong>Copenhagen<\/strong><br \/>\nKunstforeningen GL Strand<br \/>\nSeptember 23, 2017 until January 14, 2018<br \/>\n<a href=\"http:\/\/www.glstrand.dk\" target=\"_blank\" rel=\"noopener\">www.glstrand.dk<\/a><\/p>\n<p><strong>Photo-Gallery:<\/strong>[\/vc_column_text][vc_media_grid element_width=&#8221;2&#8243; initial_loading_animation=&#8221;zoomIn&#8221; grid_id=&#8221;vc_gid:1690289217081-2a4bd909-82a7-3&#8243; include=&#8221;1736,1735,1734,1733,1732,1731,1730,1729,1728,1727,1726,1725,1724,1723,1722&#8243;][vc_column_text]Photos: David Stjernholm<br \/>\nCourtesy of GL Strand<\/p>\n<p>Stanley Kubrick 2017 Festival in Denmark:<br \/>\n<a href=\"http:\/\/www.kubrick2017.dk\" target=\"_blank\" rel=\"noopener\">www.kubrick2017.dk<\/a>[\/vc_column_text][vc_separator color=&#8221;black&#8221;][vc_column_text]<strong>Mexico City<\/strong><br \/>\nCineteca Nacional Mexico<br \/>\nDecember 1, 2016 until July 30, 2017<br \/>\n<a href=\"http:\/\/stanleykubrick.cinetecanacional.net\/\" target=\"_blank\" rel=\"noopener\">stanleykubrick.cinetecanacional.net<\/a><\/p>\n<p><strong>Photo-Gallery:<\/strong>[\/vc_column_text][vc_media_grid element_width=&#8221;2&#8243; initial_loading_animation=&#8221;zoomIn&#8221; grid_id=&#8221;vc_gid:1690289217081-bbd5382e-cfe7-8&#8243; include=&#8221;1721,1720,1719,1718,1717,1716,1715,1714,1713,1712,1711,1710,1709,1708,1707,1706,1705,1704&#8243;][vc_column_text]Courtesy of Cineteca Nacional Mexico[\/vc_column_text][vc_separator color=&#8221;black&#8221;][vc_column_text]<strong>San Francisco (USA)<\/strong><br \/>\nCJM \u2013 Contemporary Jewish Museum<br \/>\nJune 30 until October 30, 2016<br \/>\n<a href=\"http:\/\/www.thecjm.org\/\" target=\"_blank\" rel=\"noopener\">www.thecjm.org<\/a><\/p>\n<p><strong>Photo-Gallery:<\/strong>[\/vc_column_text][vc_media_grid element_width=&#8221;2&#8243; initial_loading_animation=&#8221;zoomIn&#8221; grid_id=&#8221;vc_gid:1690289217081-193a9de1-f67a-5&#8243; include=&#8221;1703,1702,1701,1700,1699,1698,1697,1696,1695,1694,1693,1692,1691,1690,1689,1688,1687,1686,1685,1684,1683&#8243;][vc_column_text]Photographs of the opening by Gary Sexton<br \/>\nPhotographs of the installation by JKA Photography<br \/>\nCourtesy of Contemporary Jewish Museum[\/vc_column_text][vc_separator color=&#8221;black&#8221;][vc_column_text]<strong>Seoul (Korea)<\/strong><br \/>\nSeMA \u2013 Seoul Museum of Arts<br \/>\nNovember 29, 2015 until March 13, 2016<br \/>\n<a href=\"http:\/\/sema.seoul.go.kr\/global\/eindex.jsp\" target=\"_blank\" rel=\"noopener\">www.sema.seoul.go.kr<\/a><\/p>\n<p><strong>Photo-Gallery<\/strong>:[\/vc_column_text][vc_media_grid element_width=&#8221;2&#8243; initial_loading_animation=&#8221;zoomIn&#8221; grid_id=&#8221;vc_gid:1690289217082-77a8fb0a-14f1-5&#8243; include=&#8221;1682,1681,1680,1679,1678,1677,1676,1675,1674,1673,1672,1671,1670,1669,1668,1667,1666,1665,1664,1663,1662,1661,1660,1659,1658,1657&#8243;][vc_column_text]Images by courtesy of<br \/>\nHyundai Card \/ Seoul Museum of Art, \u00a9 2015[\/vc_column_text][vc_separator color=&#8221;black&#8221;][vc_column_text]<strong>Monterrey (Mexiko)<\/strong><br \/>\nMARCO \u2013 Museo de Arte Contempor\u00e1neo<br \/>\nMarch 6 until July 26, 2015<br \/>\n<a href=\"http:\/\/www.marco.org.mx\" target=\"_blank\" rel=\"noopener\">www.marco.org.mx<\/a><\/p>\n<p><strong>Photo-Gallery<\/strong>:[\/vc_column_text][vc_media_grid element_width=&#8221;2&#8243; grid_id=&#8221;vc_gid:1690289217082-d3cd4a6f-abe3-3&#8243; include=&#8221;1649,1648,1647,1646,1645,1644,1643,1642,1641,1640,1639,1638,1637,1636,1635,1634,1633&#8243;][vc_separator color=&#8221;black&#8221;][vc_column_text]<strong>Toronto<\/strong><br \/>\nTIFF Bell Lightbox Building, <a href=\"http:\/\/tiff.net\/\" target=\"_blank\" rel=\"noopener\">http:\/\/tiff.net\/<\/a><br \/>\nOctober 31, 2014 until January 25, 2015<\/p>\n<p><strong>Photo-Gallery<\/strong>:[\/vc_column_text][vc_media_grid element_width=&#8221;2&#8243; grid_id=&#8221;vc_gid:1690289217082-523c9b06-9f95-1&#8243; include=&#8221;1632,1631,1630,1629,1628,1627,1626,1625,1624,1623,1622,1621,1620,1619,1618,1617,1616,1615,1614,1613&#8243;][vc_separator color=&#8221;black&#8221;][vc_column_text]<strong>Krakow<\/strong><br \/>\nNational Museum (Muzeum Narodowe w Krakowie)<br \/>\nMay 4 until September 14, 2014<br \/>\n<a href=\"http:\/\/www.muzeum.krakow.pl\/\" target=\"_blank\" rel=\"noopener\">http:\/\/www.muzeum.krakow.pl\/<\/a><br \/>\n<a href=\"http:\/\/http:\/\/www.kubrick.krakow.pl\/\/\" target=\"_blank\" rel=\"noopener\">http:\/\/www.kubrick.krakow.pl\/<\/a><\/p>\n<p><strong>Photo-Gallery<\/strong>:[\/vc_column_text][vc_media_grid element_width=&#8221;2&#8243; grid_id=&#8221;vc_gid:1690289217083-989438e7-22e0-5&#8243; include=&#8221;1571,1558,1559,1560,1561,1562,1563,1564,1565,1557,1556,1555,1554,1553,1552,1551,1550,1549,1548,1547,1546&#8243;][vc_separator color=&#8221;black&#8221;][vc_column_text]<strong>S\u00e3o Paulo<\/strong><br \/>\nMIS \u2013 Museu da Imagem e do Som, <a href=\"http:\/\/www.mis-sp.org.br\" target=\"_blank\" rel=\"noopener\">www.mis-sp.org.br<\/a><br \/>\nOctober 9, 2013 to January 12, 2014<\/p>\n<p><strong>Photo-Gallery<\/strong>:[\/vc_column_text][vc_media_grid element_width=&#8221;2&#8243; grid_id=&#8221;vc_gid:1690289217083-00b68f16-65a4-10&#8243; include=&#8221;1569,1589,1587,1590,1409,1430,1429,1428,1427,1426,1425,1424,1423,1422,1421,1420,1419,1418,1417,1416,1415,1414,1413,1412,1411,1410&#8243;][vc_separator color=&#8221;black&#8221;][vc_column_text]<strong>Los Angeles<\/strong><br \/>\nLos Angeles County Museum of Art (LACMA), <a href=\"http:\/\/www.lacma.org\/\" target=\"_blank\" rel=\"noopener\">www.lacma.org<\/a><br \/>\nNovember 1, 2012 to June 30, 2013<\/p>\n<p><strong>Photo-Gallery<\/strong>:[\/vc_column_text][vc_media_grid element_width=&#8221;2&#8243; grid_id=&#8221;vc_gid:1690289217084-d97d29a0-e7e4-1&#8243; include=&#8221;1431,1450,1449,1448,1447,1446,1445,1444,1443,1442,1441,1440,1439,1438,1437,1436,1435,1434,1433,1432&#8243;][vc_separator color=&#8221;black&#8221;][vc_column_text]<strong>Amsterdam<\/strong><br \/>\nEYE Filminstitut Netherlands, <a href=\"http:\/\/www.eyefilm.nl\/\" target=\"_blank\" rel=\"noopener\">www.eyefilm.nl<\/a><br \/>\nJune 21, 2012 to September 9, 2012<\/p>\n<p><strong>Photo-Gallery<\/strong>:[\/vc_column_text][vc_media_grid element_width=&#8221;2&#8243; grid_id=&#8221;vc_gid:1690289217084-15d41644-c2cd-4&#8243; include=&#8221;1567,1459,1458,1457,1456,1455,1454,1453,1452,1451&#8243;][vc_separator color=&#8221;black&#8221;][vc_column_text]<strong>Paris<\/strong><br \/>\nCin\u00e9math\u00e8que fran\u00e7aise, <a href=\"http:\/\/www.cinematheque.fr\/fr\/expositions-cinema\/precedentes-expositions\/kubrick\/\" target=\"_blank\" rel=\"noopener\">Website<\/a><br \/>\nMarch 23, 2011 to July 31, 2011<\/p>\n<p><strong>Photo-Gallery<\/strong>:[\/vc_column_text][vc_media_grid element_width=&#8221;2&#8243; grid_id=&#8221;vc_gid:1690289217084-f8a2a0d7-070a-1&#8243; include=&#8221;1575,1471,1467,1469,1468,1470,1466,1465,1464,1463,1462,1461,1460&#8243;][vc_separator color=&#8221;black&#8221;][vc_column_text]<strong>Rom<\/strong><br \/>\nPalazzo delle Esposizioni<br \/>\nOctober 6, 2007 to January 6, 2008<\/p>\n<p><strong>Photo-Gallery<\/strong>:[\/vc_column_text][vc_media_grid element_width=&#8221;2&#8243; grid_id=&#8221;vc_gid:1690289217084-d3b0b042-fc6e-4&#8243; include=&#8221;1576,1477,1700,1481,1480,1479,1478,1476,1475,1474,1473,1472&#8243;][vc_separator color=&#8221;black&#8221;][vc_column_text]<strong>Z\u00fcrich<\/strong><br \/>\nKulturhaus SihlCity<br \/>\nApril 26 to September 2, 2007<\/p>\n<p><strong>Photo-Gallery<\/strong>:[\/vc_column_text][vc_media_grid element_width=&#8221;2&#8243; grid_id=&#8221;vc_gid:1690289217085-a6fd1c76-6a2b-9&#8243; include=&#8221;1574,1590,1589,1588,1587,1586,1585,1584,1583,1582,1581,1580,1579,1578,1577&#8243;][vc_separator color=&#8221;black&#8221;][vc_column_text]<strong>Gent<\/strong><br \/>\nCaermersclooster<br \/>\nOctober 5, 2006 to January 7, 2007<\/p>\n<p><strong>Photo-Gallery:<\/strong>[\/vc_column_text][vc_media_grid element_width=&#8221;2&#8243; grid_id=&#8221;vc_gid:1690289217085-9d81efd2-bc2a-7&#8243; include=&#8221;1573,1495,1494,1493,1492,1491,1490,1489,1488,1487,1486,1485,1484,1483,1482&#8243;][vc_separator color=&#8221;black&#8221;][vc_column_text]<strong>Melbourne<\/strong><br \/>\nAustralian Centre for the Moving Image (ACMI)<br \/>\nNovember 25, 2005 to January 29, 2006<\/p>\n<p><strong>Photo-Gallery<\/strong>:[\/vc_column_text][vc_media_grid element_width=&#8221;2&#8243; grid_id=&#8221;vc_gid:1690289217085-aef2addd-3073-7&#8243; include=&#8221;1568,1521,1520,1519,1518,1517,1516,1515,1514,1513,1512,1511,1510,1509,1508,1507,1506,1505,1504,1503,1502,1501,1500,1499,1498,1497,1496&#8243;][vc_separator color=&#8221;black&#8221;][vc_column_text]<strong>Berlin<\/strong><br \/>\nMartin-Gropius-Bau Berlin<br \/>\nJanuary 20 to April 18, 2005<\/p>\n<p><strong>Photo-Gallery<\/strong>:[\/vc_column_text][vc_media_grid element_width=&#8221;2&#8243; grid_id=&#8221;vc_gid:1690289217086-d186d396-4286-10&#8243; include=&#8221;1572,1542,1541,1540,1539,1538,1537,1536,1535,1534,1533,1532,1531,1530,1529,1528,1527,1526,1525,1524,1523,1522&#8243;][vc_column_text]<strong>Frankfurt am Main<\/strong><br \/>\nDeutsches Filmmuseum and Deutsches Architekturmuseum<br \/>\nMarch 31 to July 04, 2004[\/vc_column_text][vc_media_grid element_width=&#8221;2&#8243; grid_id=&#8221;vc_gid:1690289217086-9197859f-f8ae-4&#8243; include=&#8221;1570,1592,1591,1612,1611,1610,1609,1608,1607,1606,1605,1604,1603,1602,1601,1600,1599,1598,1597,1596,1595,1594,1593&#8243;][\/vc_column_inner][vc_column_inner width=&#8221;1\/3&#8243;][\/vc_column_inner][\/vc_row_inner][vc_empty_space height=&#8221;100&#8243;][\/vc_column][\/vc_row]<\/p>\n<\/section>","protected":false},"excerpt":{"rendered":"<p>Abbildungen mit freundlicher Genehmigung von<br \/>\nImages by courtesy of<br \/>\nHyundai Card \/ Seoul Museum of Art, \u00a9 2015<\/p>\n","protected":false},"author":1,"featured_media":1286,"parent":0,"menu_order":20,"comment_status":"closed","ping_status":"closed","template":"","meta":{"ocean_post_layout":"","ocean_both_sidebars_style":"","ocean_both_sidebars_content_width":0,"ocean_both_sidebars_sidebars_width":0,"ocean_sidebar":"0","ocean_second_sidebar":"0","ocean_disable_margins":"enable","ocean_add_body_class":"","ocean_shortcode_before_top_bar":"","ocean_shortcode_after_top_bar":"","ocean_shortcode_before_header":"","ocean_shortcode_after_header":"","ocean_has_shortcode":"","ocean_shortcode_after_title":"","ocean_shortcode_before_footer_widgets":"","ocean_shortcode_after_footer_widgets":"","ocean_shortcode_before_footer_bottom":"","ocean_shortcode_after_footer_bottom":"","ocean_display_top_bar":"default","ocean_display_header":"default","ocean_header_style":"","ocean_center_header_left_menu":"0","ocean_custom_header_template":"0","ocean_custom_logo":0,"ocean_custom_retina_logo":0,"ocean_custom_logo_max_width":0,"ocean_custom_logo_tablet_max_width":0,"ocean_custom_logo_mobile_max_width":0,"ocean_custom_logo_max_height":0,"ocean_custom_logo_tablet_max_height":0,"ocean_custom_logo_mobile_max_height":0,"ocean_header_custom_menu":"0","ocean_menu_typo_font_family":"0","ocean_menu_typo_font_subset":"","ocean_menu_typo_font_size":0,"ocean_menu_typo_font_size_tablet":0,"ocean_menu_typo_font_size_mobile":0,"ocean_menu_typo_font_size_unit":"px","ocean_menu_typo_font_weight":"","ocean_menu_typo_font_weight_tablet":"","ocean_menu_typo_font_weight_mobile":"","ocean_menu_typo_transform":"","ocean_menu_typo_transform_tablet":"","ocean_menu_typo_transform_mobile":"","ocean_menu_typo_line_height":0,"ocean_menu_typo_line_height_tablet":0,"ocean_menu_typo_line_height_mobile":0,"ocean_menu_typo_line_height_unit":"","ocean_menu_typo_spacing":0,"ocean_menu_typo_spacing_tablet":0,"ocean_menu_typo_spacing_mobile":0,"ocean_menu_typo_spacing_unit":"","ocean_menu_link_color":"","ocean_menu_link_color_hover":"","ocean_menu_link_color_active":"","ocean_menu_link_background":"","ocean_menu_link_hover_background":"","ocean_menu_link_active_background":"","ocean_menu_social_links_bg":"","ocean_menu_social_hover_links_bg":"","ocean_menu_social_links_color":"","ocean_menu_social_hover_links_color":"","ocean_disable_title":"default","ocean_disable_heading":"default","ocean_post_title":"","ocean_post_subheading":"","ocean_post_title_style":"","ocean_post_title_background_color":"","ocean_post_title_background":0,"ocean_post_title_bg_image_position":"","ocean_post_title_bg_image_attachment":"","ocean_post_title_bg_image_repeat":"","ocean_post_title_bg_image_size":"","ocean_post_title_height":0,"ocean_post_title_bg_overlay":0.5,"ocean_post_title_bg_overlay_color":"","ocean_disable_breadcrumbs":"default","ocean_breadcrumbs_color":"","ocean_breadcrumbs_separator_color":"","ocean_breadcrumbs_links_color":"","ocean_breadcrumbs_links_hover_color":"","ocean_display_footer_widgets":"default","ocean_display_footer_bottom":"default","ocean_custom_footer_template":"0","footnotes":""},"class_list":["post-1814","page","type-page","status-publish","has-post-thumbnail","hentry","entry","has-media"],"yoast_head":"<!-- This site is optimized with the Yoast SEO plugin v26.8 - https:\/\/yoast.com\/product\/yoast-seo-wordpress\/ -->\n<title>Exhibition Tour - Stanley Kubrick Ausstellung<\/title>\n<meta name=\"robots\" content=\"index, follow, max-snippet:-1, max-image-preview:large, max-video-preview:-1\" \/>\n<link rel=\"canonical\" href=\"https:\/\/stanleykubrick.de\/en\/exhibition-tour\/\" \/>\n<meta property=\"og:locale\" content=\"en_US\" \/>\n<meta property=\"og:type\" content=\"article\" \/>\n<meta property=\"og:title\" content=\"Exhibition Tour - Stanley Kubrick Ausstellung\" \/>\n<meta property=\"og:description\" content=\"Abbildungen mit freundlicher Genehmigung von Images by courtesy of Hyundai Card \/ Seoul Museum of Art, \u00a9 2015\" \/>\n<meta property=\"og:url\" content=\"https:\/\/stanleykubrick.de\/en\/exhibition-tour\/\" \/>\n<meta property=\"og:site_name\" content=\"Stanley Kubrick Ausstellung\" \/>\n<meta property=\"article:publisher\" content=\"http:\/\/facebook.dff.film\/\" \/>\n<meta property=\"article:modified_time\" content=\"2025-07-24T13:08:12+00:00\" \/>\n<meta property=\"og:image\" content=\"https:\/\/stanleykubrick.de\/wp-content\/uploads\/2013\/02\/bg-paris2011-2.jpg\" \/>\n\t<meta property=\"og:image:width\" content=\"1920\" \/>\n\t<meta property=\"og:image:height\" content=\"1080\" \/>\n\t<meta property=\"og:image:type\" content=\"image\/jpeg\" \/>\n<meta name=\"twitter:card\" content=\"summary_large_image\" \/>\n<meta name=\"twitter:label1\" content=\"Est. reading time\" \/>\n\t<meta name=\"twitter:data1\" content=\"4 minutes\" \/>\n<script type=\"application\/ld+json\" class=\"yoast-schema-graph\">{\"@context\":\"https:\/\/schema.org\",\"@graph\":[{\"@type\":\"WebPage\",\"@id\":\"https:\/\/stanleykubrick.de\/en\/exhibition-tour\/\",\"url\":\"https:\/\/stanleykubrick.de\/en\/exhibition-tour\/\",\"name\":\"Exhibition Tour - Stanley Kubrick Ausstellung\",\"isPartOf\":{\"@id\":\"https:\/\/stanleykubrick.de\/#website\"},\"primaryImageOfPage\":{\"@id\":\"https:\/\/stanleykubrick.de\/en\/exhibition-tour\/#primaryimage\"},\"image\":{\"@id\":\"https:\/\/stanleykubrick.de\/en\/exhibition-tour\/#primaryimage\"},\"thumbnailUrl\":\"https:\/\/stanleykubrick.de\/wp-content\/uploads\/2013\/02\/bg-paris2011-2.jpg\",\"datePublished\":\"2014-01-29T14:12:17+00:00\",\"dateModified\":\"2025-07-24T13:08:12+00:00\",\"breadcrumb\":{\"@id\":\"https:\/\/stanleykubrick.de\/en\/exhibition-tour\/#breadcrumb\"},\"inLanguage\":\"en-US\",\"potentialAction\":[{\"@type\":\"ReadAction\",\"target\":[\"https:\/\/stanleykubrick.de\/en\/exhibition-tour\/\"]}]},{\"@type\":\"ImageObject\",\"inLanguage\":\"en-US\",\"@id\":\"https:\/\/stanleykubrick.de\/en\/exhibition-tour\/#primaryimage\",\"url\":\"https:\/\/stanleykubrick.de\/wp-content\/uploads\/2013\/02\/bg-paris2011-2.jpg\",\"contentUrl\":\"https:\/\/stanleykubrick.de\/wp-content\/uploads\/2013\/02\/bg-paris2011-2.jpg\",\"width\":1920,\"height\":1080},{\"@type\":\"BreadcrumbList\",\"@id\":\"https:\/\/stanleykubrick.de\/en\/exhibition-tour\/#breadcrumb\",\"itemListElement\":[{\"@type\":\"ListItem\",\"position\":1,\"name\":\"Startseite\",\"item\":\"https:\/\/stanleykubrick.de\/en\/\"},{\"@type\":\"ListItem\",\"position\":2,\"name\":\"Exhibition Tour\"}]},{\"@type\":\"WebSite\",\"@id\":\"https:\/\/stanleykubrick.de\/#website\",\"url\":\"https:\/\/stanleykubrick.de\/\",\"name\":\"Stanley Kubrick Ausstellung\",\"description\":\"Tour im DFF - Deutsches Filminstitut &amp; Filmmuseum\",\"publisher\":{\"@id\":\"https:\/\/stanleykubrick.de\/#organization\"},\"potentialAction\":[{\"@type\":\"SearchAction\",\"target\":{\"@type\":\"EntryPoint\",\"urlTemplate\":\"https:\/\/stanleykubrick.de\/?s={search_term_string}\"},\"query-input\":{\"@type\":\"PropertyValueSpecification\",\"valueRequired\":true,\"valueName\":\"search_term_string\"}}],\"inLanguage\":\"en-US\"},{\"@type\":\"Organization\",\"@id\":\"https:\/\/stanleykubrick.de\/#organization\",\"name\":\"DFF\",\"url\":\"https:\/\/stanleykubrick.de\/\",\"logo\":{\"@type\":\"ImageObject\",\"inLanguage\":\"en-US\",\"@id\":\"https:\/\/stanleykubrick.de\/#\/schema\/logo\/image\/\",\"url\":\"https:\/\/stanleykubrick.de\/wp-content\/uploads\/2023\/06\/Logo-DFF-long-black-1000px.png\",\"contentUrl\":\"https:\/\/stanleykubrick.de\/wp-content\/uploads\/2023\/06\/Logo-DFF-long-black-1000px.png\",\"width\":1000,\"height\":179,\"caption\":\"DFF\"},\"image\":{\"@id\":\"https:\/\/stanleykubrick.de\/#\/schema\/logo\/image\/\"},\"sameAs\":[\"http:\/\/facebook.dff.film\/\",\"http:\/\/instagram.dff.film\/\",\"http:\/\/youtube.dff.film\/\"]}]}<\/script>\n<!-- \/ Yoast SEO plugin. -->","yoast_head_json":{"title":"Exhibition Tour - Stanley Kubrick Ausstellung","robots":{"index":"index","follow":"follow","max-snippet":"max-snippet:-1","max-image-preview":"max-image-preview:large","max-video-preview":"max-video-preview:-1"},"canonical":"https:\/\/stanleykubrick.de\/en\/exhibition-tour\/","og_locale":"en_US","og_type":"article","og_title":"Exhibition Tour - Stanley Kubrick Ausstellung","og_description":"Abbildungen mit freundlicher Genehmigung von Images by courtesy of Hyundai Card \/ Seoul Museum of Art, \u00a9 2015","og_url":"https:\/\/stanleykubrick.de\/en\/exhibition-tour\/","og_site_name":"Stanley Kubrick Ausstellung","article_publisher":"http:\/\/facebook.dff.film\/","article_modified_time":"2025-07-24T13:08:12+00:00","og_image":[{"width":1920,"height":1080,"url":"https:\/\/stanleykubrick.de\/wp-content\/uploads\/2013\/02\/bg-paris2011-2.jpg","type":"image\/jpeg"}],"twitter_card":"summary_large_image","twitter_misc":{"Est. reading time":"4 minutes"},"schema":{"@context":"https:\/\/schema.org","@graph":[{"@type":"WebPage","@id":"https:\/\/stanleykubrick.de\/en\/exhibition-tour\/","url":"https:\/\/stanleykubrick.de\/en\/exhibition-tour\/","name":"Exhibition Tour - Stanley Kubrick Ausstellung","isPartOf":{"@id":"https:\/\/stanleykubrick.de\/#website"},"primaryImageOfPage":{"@id":"https:\/\/stanleykubrick.de\/en\/exhibition-tour\/#primaryimage"},"image":{"@id":"https:\/\/stanleykubrick.de\/en\/exhibition-tour\/#primaryimage"},"thumbnailUrl":"https:\/\/stanleykubrick.de\/wp-content\/uploads\/2013\/02\/bg-paris2011-2.jpg","datePublished":"2014-01-29T14:12:17+00:00","dateModified":"2025-07-24T13:08:12+00:00","breadcrumb":{"@id":"https:\/\/stanleykubrick.de\/en\/exhibition-tour\/#breadcrumb"},"inLanguage":"en-US","potentialAction":[{"@type":"ReadAction","target":["https:\/\/stanleykubrick.de\/en\/exhibition-tour\/"]}]},{"@type":"ImageObject","inLanguage":"en-US","@id":"https:\/\/stanleykubrick.de\/en\/exhibition-tour\/#primaryimage","url":"https:\/\/stanleykubrick.de\/wp-content\/uploads\/2013\/02\/bg-paris2011-2.jpg","contentUrl":"https:\/\/stanleykubrick.de\/wp-content\/uploads\/2013\/02\/bg-paris2011-2.jpg","width":1920,"height":1080},{"@type":"BreadcrumbList","@id":"https:\/\/stanleykubrick.de\/en\/exhibition-tour\/#breadcrumb","itemListElement":[{"@type":"ListItem","position":1,"name":"Startseite","item":"https:\/\/stanleykubrick.de\/en\/"},{"@type":"ListItem","position":2,"name":"Exhibition Tour"}]},{"@type":"WebSite","@id":"https:\/\/stanleykubrick.de\/#website","url":"https:\/\/stanleykubrick.de\/","name":"Stanley Kubrick Ausstellung","description":"Tour im DFF - Deutsches Filminstitut &amp; Filmmuseum","publisher":{"@id":"https:\/\/stanleykubrick.de\/#organization"},"potentialAction":[{"@type":"SearchAction","target":{"@type":"EntryPoint","urlTemplate":"https:\/\/stanleykubrick.de\/?s={search_term_string}"},"query-input":{"@type":"PropertyValueSpecification","valueRequired":true,"valueName":"search_term_string"}}],"inLanguage":"en-US"},{"@type":"Organization","@id":"https:\/\/stanleykubrick.de\/#organization","name":"DFF","url":"https:\/\/stanleykubrick.de\/","logo":{"@type":"ImageObject","inLanguage":"en-US","@id":"https:\/\/stanleykubrick.de\/#\/schema\/logo\/image\/","url":"https:\/\/stanleykubrick.de\/wp-content\/uploads\/2023\/06\/Logo-DFF-long-black-1000px.png","contentUrl":"https:\/\/stanleykubrick.de\/wp-content\/uploads\/2023\/06\/Logo-DFF-long-black-1000px.png","width":1000,"height":179,"caption":"DFF"},"image":{"@id":"https:\/\/stanleykubrick.de\/#\/schema\/logo\/image\/"},"sameAs":["http:\/\/facebook.dff.film\/","http:\/\/instagram.dff.film\/","http:\/\/youtube.dff.film\/"]}]}},"_links":{"self":[{"href":"https:\/\/stanleykubrick.de\/en\/wp-json\/wp\/v2\/pages\/1814","targetHints":{"allow":["GET"]}}],"collection":[{"href":"https:\/\/stanleykubrick.de\/en\/wp-json\/wp\/v2\/pages"}],"about":[{"href":"https:\/\/stanleykubrick.de\/en\/wp-json\/wp\/v2\/types\/page"}],"author":[{"embeddable":true,"href":"https:\/\/stanleykubrick.de\/en\/wp-json\/wp\/v2\/users\/1"}],"replies":[{"embeddable":true,"href":"https:\/\/stanleykubrick.de\/en\/wp-json\/wp\/v2\/comments?post=1814"}],"version-history":[{"count":19,"href":"https:\/\/stanleykubrick.de\/en\/wp-json\/wp\/v2\/pages\/1814\/revisions"}],"predecessor-version":[{"id":2051,"href":"https:\/\/stanleykubrick.de\/en\/wp-json\/wp\/v2\/pages\/1814\/revisions\/2051"}],"wp:featuredmedia":[{"embeddable":true,"href":"https:\/\/stanleykubrick.de\/en\/wp-json\/wp\/v2\/media\/1286"}],"wp:attachment":[{"href":"https:\/\/stanleykubrick.de\/en\/wp-json\/wp\/v2\/media?parent=1814"}],"curies":[{"name":"wp","href":"https:\/\/api.w.org\/{rel}","templated":true}]}}